{"id":11,"date":"2013-03-20T17:44:19","date_gmt":"2013-03-20T15:44:19","guid":{"rendered":"http:\/\/kidsahead.de\/?page_id=11"},"modified":"2020-08-28T11:59:03","modified_gmt":"2020-08-28T09:59:03","slug":"kontakt","status":"publish","type":"page","link":"https:\/\/kidsahead.de\/?page_id=11","title":{"rendered":"Kontakt"},"content":{"rendered":"<p align=\"left\" dir=\"ltr\"><img loading=\"lazy\" width=\"300\" height=\"200\" class=\"alignright size-full wp-image-226\" alt=\"\" src=\"https:\/\/kidsahead.de\/wp-content\/uploads\/2018\/06\/S_Kontakt.jpg\">So erreichen Sie uns:<\/p>\n<p align=\"left\" dir=\"ltr\">kids ahead e.V.<br \/>\nHartm\u00fchlenweg 2-4<br \/>\n55122 Mainz<br \/>\n<a href=\"mailto:info@kidsahead.de\">info@kids-ahead.de<\/a><\/p>\n<p align=\"left\" dir=\"ltr\">Gerne k\u00f6nnen Sie uns auch \u00fcber das nachfolgende Kontaktformular kontaktieren:<\/p>\n<p align=\"left\" dir=\"ltr\"><div class=\"frm_forms  with_frm_style frm_style_formidable-style\" id=\"frm_form_2_container\" >\n<form enctype=\"multipart\/form-data\" method=\"post\" class=\"frm-show-form  frm_pro_form \" id=\"form_contact-form\"  >\n<div class=\"frm_form_fields \">\n<fieldset>\n<legend class=\"frm_screen_reader\">Kontakt<\/legend>\r\n\r\n<div class=\"frm_fields_container\">\n<input type=\"hidden\" name=\"frm_action\" value=\"create\" \/>\n<input type=\"hidden\" name=\"form_id\" value=\"2\" \/>\n<input type=\"hidden\" name=\"frm_hide_fields_2\" id=\"frm_hide_fields_2\" value=\"\" \/>\n<input type=\"hidden\" name=\"form_key\" value=\"contact-form\" \/>\n<input type=\"hidden\" name=\"item_meta[0]\" value=\"\" \/>\n<input type=\"hidden\" id=\"frm_submit_entry_2\" name=\"frm_submit_entry_2\" value=\"897d9adab3\" \/><input type=\"hidden\" name=\"_wp_http_referer\" value=\"\/index.php?rest_route=%2Fwp%2Fv2%2Fpages%2F11\" \/><div id=\"frm_field_6_container\" class=\"frm_form_field form-field  frm_required_field frm_top_container frm_full\">\r\n    <label for=\"field_qh4icy2\" class=\"frm_primary_label\">Name\r\n        <span class=\"frm_required\"><\/span>\r\n    <\/label>\r\n    <input type=\"text\" id=\"field_qh4icy2\" name=\"item_meta[6]\" value=\"\"  data-reqmsg=\"Dieses Feld darf nicht leer sein.\" aria-required=\"true\" data-invmsg=\"Name ist ung\u00fcltig\" aria-invalid=\"false\"  \/>\r\n    \r\n    \r\n<\/div>\n<div id=\"frm_field_8_container\" class=\"frm_form_field form-field  frm_required_field frm_top_container frm_full\">\r\n    <label for=\"field_29yf4d2\" class=\"frm_primary_label\">E-Mail\r\n        <span class=\"frm_required\"><\/span>\r\n    <\/label>\r\n    <input type=\"email\" id=\"field_29yf4d2\" name=\"item_meta[8]\" value=\"\"  data-reqmsg=\"Dieses Feld darf nicht leer sein.\" aria-required=\"true\" data-invmsg=\"Please enter a valid email address\" aria-invalid=\"false\"  \/>\r\n    \r\n    \r\n<\/div>\n<div id=\"frm_field_10_container\" class=\"frm_form_field form-field  frm_required_field frm_top_container frm_full\">\r\n    <label for=\"field_9jv0r12\" class=\"frm_primary_label\">Nachricht\r\n        <span class=\"frm_required\"><\/span>\r\n    <\/label>\r\n    <textarea name=\"item_meta[10]\" id=\"field_9jv0r12\" rows=\"5\"  data-reqmsg=\"Dieses Feld darf nicht leer sein.\" aria-required=\"true\" data-invmsg=\"Nachricht ist ung\u00fcltig\" aria-invalid=\"false\"  ><\/textarea>\r\n    \r\n    \r\n<\/div>\n<div id=\"frm_field_12_container\" class=\"frm_form_field form-field  frm_none_container\">\n    <label for=\"g-recaptcha-response\" id=\"field_1tjjq_label\" class=\"frm_primary_label\">reCAPTCHA\n        <span class=\"frm_required\"><\/span>\n    <\/label>\n    <div id=\"field_1tjjq\" class=\"g-recaptcha\" data-sitekey=\"6LeSs0YaAAAAAGOyybs7M2BgxjGuFg-x46kgsY3E\" data-size=\"invisible\" data-theme=\"light\" data-callback=\"frmAfterRecaptcha\"><\/div>\n    \n    \n<\/div>\n<input type=\"hidden\" name=\"item_key\" value=\"\" \/>\n\t<div class=\"frm_verify\" >\n\t<label for=\"frm_email_2\">\n\t\tFalls Du menschlich bist, lasse dieses Feld leer.\t<\/label>\n\t<input type=\"email\" class=\"frm_verify\" id=\"frm_email_2\" name=\"frm_verify\" value=\"\"  \/>\n<\/div>\n\t\t<div class=\"frm_submit\">\r\n\r\n<button class=\"frm_button_submit frm_final_submit\" type=\"submit\"   formnovalidate=\"formnovalidate\">Senden<\/button>\r\n\r\n<\/div><\/div>\n<\/fieldset>\n<\/div>\n<\/form>\n<\/div>\n<\/p>\n","protected":false},"excerpt":{"rendered":"<p>So erreichen Sie uns: kids ahead e.V. Hartm\u00fchlenweg 2-4 55122 Mainz info@kids-ahead.de Gerne k\u00f6nnen Sie uns auch \u00fcber das nachfolgende Kontaktformular kontaktieren:<\/p>\n","protected":false},"author":4,"featured_media":0,"parent":0,"menu_order":50,"comment_status":"closed","ping_status":"closed","template":"","meta":{"generate_page_header":""},"_links":{"self":[{"href":"https:\/\/kidsahead.de\/index.php?rest_route=\/wp\/v2\/pages\/11"}],"collection":[{"href":"https:\/\/kidsahead.de\/index.php?rest_route=\/wp\/v2\/pages"}],"about":[{"href":"https:\/\/kidsahead.de\/index.php?rest_route=\/wp\/v2\/types\/page"}],"author":[{"embeddable":true,"href":"https:\/\/kidsahead.de\/index.php?rest_route=\/wp\/v2\/users\/4"}],"replies":[{"embeddable":true,"href":"https:\/\/kidsahead.de\/index.php?rest_route=%2Fwp%2Fv2%2Fcomments&post=11"}],"version-history":[{"count":14,"href":"https:\/\/kidsahead.de\/index.php?rest_route=\/wp\/v2\/pages\/11\/revisions"}],"predecessor-version":[{"id":300,"href":"https:\/\/kidsahead.de\/index.php?rest_route=\/wp\/v2\/pages\/11\/revisions\/300"}],"wp:attachment":[{"href":"https:\/\/kidsahead.de\/index.php?rest_route=%2Fwp%2Fv2%2Fmedia&parent=11"}],"curies":[{"name":"wp","href":"https:\/\/api.w.org\/{rel}","templated":true}]}}